{"id":798,"date":"2024-11-24T21:18:38","date_gmt":"2024-11-24T20:18:38","guid":{"rendered":"https:\/\/www.reseller-radar.de\/?page_id=798"},"modified":"2024-11-24T21:59:21","modified_gmt":"2024-11-24T20:59:21","slug":"abonnetents","status":"publish","type":"page","link":"https:\/\/www.reseller-radar.de\/?page_id=798","title":{"rendered":"Preismodelle"},"content":{"rendered":"\t\t<div data-elementor-type=\"wp-page\" data-elementor-id=\"798\" class=\"elementor elementor-798\">\n\t\t\t\t<div class=\"elementor-element elementor-element-11402e65 e-con-full e-flex e-con e-parent\" data-id=\"11402e65\" data-element_type=\"container\" data-settings=\"{&quot;background_background&quot;:&quot;classic&quot;}\">\n\t\t<div class=\"elementor-element elementor-element-6f733f9 e-con-full e-flex e-con e-child\" data-id=\"6f733f9\" data-element_type=\"container\">\n\t\t\t\t<div class=\"elementor-element elementor-element-243d3679 elementor-widget elementor-widget-image\" data-id=\"243d3679\" data-element_type=\"widget\" data-widget_type=\"image.default\">\n\t\t\t\t<div class=\"elementor-widget-container\">\n\t\t\t\t\t\t\t\t\t\t\t\t\t<img fetchpriority=\"high\" decoding=\"async\" width=\"843\" height=\"561\" src=\"https:\/\/www.reseller-radar.de\/wp-content\/uploads\/2024\/11\/ai-generated-8674235_1280-1024x682.png\" class=\"attachment-large size-large wp-image-809\" alt=\"\" srcset=\"https:\/\/www.reseller-radar.de\/wp-content\/uploads\/2024\/11\/ai-generated-8674235_1280-1024x682.png 1024w, https:\/\/www.reseller-radar.de\/wp-content\/uploads\/2024\/11\/ai-generated-8674235_1280-300x200.png 300w, https:\/\/www.reseller-radar.de\/wp-content\/uploads\/2024\/11\/ai-generated-8674235_1280-768x512.png 768w, https:\/\/www.reseller-radar.de\/wp-content\/uploads\/2024\/11\/ai-generated-8674235_1280.png 1280w\" sizes=\"(max-width: 843px) 100vw, 843px\" \/>\t\t\t\t\t\t\t\t\t\t\t\t\t<\/div>\n\t\t\t\t<\/div>\n\t\t\t\t<\/div>\n\t\t<div class=\"elementor-element elementor-element-62941d09 e-con-full e-flex e-con e-child\" data-id=\"62941d09\" data-element_type=\"container\">\n\t\t\t\t<div class=\"elementor-element elementor-element-7bf7f5bd elementor-widget elementor-widget-heading\" data-id=\"7bf7f5bd\" data-element_type=\"widget\" data-widget_type=\"heading.default\">\n\t\t\t\t<div class=\"elementor-widget-container\">\n\t\t\t<h5 class=\"elementor-heading-title elementor-size-default\">Preismodelle<\/h5>\t\t<\/div>\n\t\t\t\t<\/div>\n\t\t\t\t<\/div>\n\t\t\t\t<\/div>\n\t\t<div class=\"elementor-element elementor-element-5d4f724f e-con-full e-flex e-con e-parent\" data-id=\"5d4f724f\" data-element_type=\"container\" data-settings=\"{&quot;background_background&quot;:&quot;classic&quot;}\">\n\t\t<div class=\"elementor-element elementor-element-723750f2 e-con-full e-flex e-con e-child\" data-id=\"723750f2\" data-element_type=\"container\">\n\t\t\t\t<div class=\"elementor-element elementor-element-2afcd7cb elementor-widget elementor-widget-heading\" data-id=\"2afcd7cb\" data-element_type=\"widget\" data-widget_type=\"heading.default\">\n\t\t\t\t<div class=\"elementor-widget-container\">\n\t\t\t<h2 class=\"elementor-heading-title elementor-size-default\">Bronze<\/h2>\t\t<\/div>\n\t\t\t\t<\/div>\n\t\t\t\t<div class=\"elementor-element elementor-element-1eca5399 elementor-widget elementor-widget-text-editor\" data-id=\"1eca5399\" data-element_type=\"widget\" data-widget_type=\"text-editor.default\">\n\t\t\t\t<div class=\"elementor-widget-container\">\n\t\t\t\t\t\t\t<p><strong>Kontakt und Support per e-mail<\/strong><\/p>\n<p><strong>bis zu 200 Euro monatlichem Einkauf-Budget m\u00f6glich<\/strong><\/p>\n<p><strong>Ankaufspreis\u00e4nderung in Abh\u00e4ngigkeit vom Zustand m\u00f6glich<\/strong><\/p>\n<p><strong>Drei versch. Ankaufvariablen m\u00f6glich<\/strong><\/p>\n<p>monatlich k\u00fcndbar *<\/p>\n<p>39 Euro monatliche Grundgeb\u00fchr, 10 % Geb\u00fchren des Einkaufspreises, mindestens 10 cent pro eingekauftem Buch **<\/p>\t\t\t\t\t\t<\/div>\n\t\t\t\t<\/div>\n\t\t\t\t<\/div>\n\t\t<div class=\"elementor-element elementor-element-1cb8367a e-con-full e-flex e-con e-child\" data-id=\"1cb8367a\" data-element_type=\"container\">\n\t\t\t\t<div class=\"elementor-element elementor-element-3aa3ed22 elementor-widget elementor-widget-image\" data-id=\"3aa3ed22\" data-element_type=\"widget\" data-widget_type=\"image.default\">\n\t\t\t\t<div class=\"elementor-widget-container\">\n\t\t\t\t\t\t\t\t\t\t\t\t\t<img decoding=\"async\" width=\"843\" height=\"562\" src=\"https:\/\/www.reseller-radar.de\/wp-content\/uploads\/2024\/11\/pexels-mike-204930-633497-1024x683.jpg\" class=\"attachment-large size-large wp-image-808\" alt=\"\" srcset=\"https:\/\/www.reseller-radar.de\/wp-content\/uploads\/2024\/11\/pexels-mike-204930-633497-1024x683.jpg 1024w, https:\/\/www.reseller-radar.de\/wp-content\/uploads\/2024\/11\/pexels-mike-204930-633497-300x200.jpg 300w, https:\/\/www.reseller-radar.de\/wp-content\/uploads\/2024\/11\/pexels-mike-204930-633497-768x512.jpg 768w, https:\/\/www.reseller-radar.de\/wp-content\/uploads\/2024\/11\/pexels-mike-204930-633497-1536x1024.jpg 1536w, https:\/\/www.reseller-radar.de\/wp-content\/uploads\/2024\/11\/pexels-mike-204930-633497-2048x1365.jpg 2048w\" sizes=\"(max-width: 843px) 100vw, 843px\" \/>\t\t\t\t\t\t\t\t\t\t\t\t\t<\/div>\n\t\t\t\t<\/div>\n\t\t\t\t<\/div>\n\t\t\t\t<\/div>\n\t\t<div class=\"elementor-element elementor-element-55368186 e-con-full e-flex e-con e-parent\" data-id=\"55368186\" data-element_type=\"container\" data-settings=\"{&quot;background_background&quot;:&quot;classic&quot;}\">\n\t\t<div class=\"elementor-element elementor-element-1c547754 e-con-full e-flex e-con e-child\" data-id=\"1c547754\" data-element_type=\"container\">\n\t\t\t\t<div class=\"elementor-element elementor-element-39747c07 elementor-widget elementor-widget-heading\" data-id=\"39747c07\" data-element_type=\"widget\" data-widget_type=\"heading.default\">\n\t\t\t\t<div class=\"elementor-widget-container\">\n\t\t\t<h2 class=\"elementor-heading-title elementor-size-default\">Silber<\/h2>\t\t<\/div>\n\t\t\t\t<\/div>\n\t\t\t\t<div class=\"elementor-element elementor-element-16ebd64c elementor-widget elementor-widget-text-editor\" data-id=\"16ebd64c\" data-element_type=\"widget\" data-widget_type=\"text-editor.default\">\n\t\t\t\t<div class=\"elementor-widget-container\">\n\t\t\t\t\t\t\t<p><strong>Kontakt und Support per e-mail<\/strong><\/p><p><strong>kostenlose Ersteinrichtung des Accounts *<\/strong><\/p><p><strong>bis zu 1000 Euro monatlichem Einkauf-Budget m\u00f6glich<\/strong><\/p><p><strong>Ankaufspreis\u00e4nderung in Abh\u00e4ngigkeit vom Zustand m\u00f6glich<\/strong><\/p><p><strong>Sechs versch. Ankaufvariablen m\u00f6glich<\/strong><\/p><p><strong>Verkaufstool &#8222;Mindest- Ankaufspreis&#8220; und &#8222;Ankauf ohne Salesrank&#8220; verf\u00fcgbar<\/strong><\/p><p><strong>Ankaufspreis\u00e4nderung in Abh\u00e4ngigkeit vom Zustand m\u00f6glich<\/strong><\/p><p>monatliche K\u00fcndbar<\/p><p>69 Euro monatliche Grundgeb\u00fchr, 10 % Geb\u00fchren des Einkaufspreises, mindestens 10 cent pro eingekauftem Buch **<\/p>\t\t\t\t\t\t<\/div>\n\t\t\t\t<\/div>\n\t\t\t\t<\/div>\n\t\t<div class=\"elementor-element elementor-element-497b76a e-con-full e-flex e-con e-child\" data-id=\"497b76a\" data-element_type=\"container\">\n\t\t\t\t<div class=\"elementor-element elementor-element-181c2ed elementor-widget elementor-widget-image\" data-id=\"181c2ed\" data-element_type=\"widget\" data-widget_type=\"image.default\">\n\t\t\t\t<div class=\"elementor-widget-container\">\n\t\t\t\t\t\t\t\t\t\t\t\t\t<img decoding=\"async\" width=\"843\" height=\"632\" src=\"https:\/\/www.reseller-radar.de\/wp-content\/uploads\/2024\/11\/pexels-joey-kyber-31917-839351-1024x768.jpg\" class=\"attachment-large size-large wp-image-806\" alt=\"\" srcset=\"https:\/\/www.reseller-radar.de\/wp-content\/uploads\/2024\/11\/pexels-joey-kyber-31917-839351-1024x768.jpg 1024w, https:\/\/www.reseller-radar.de\/wp-content\/uploads\/2024\/11\/pexels-joey-kyber-31917-839351-300x225.jpg 300w, https:\/\/www.reseller-radar.de\/wp-content\/uploads\/2024\/11\/pexels-joey-kyber-31917-839351-768x576.jpg 768w, https:\/\/www.reseller-radar.de\/wp-content\/uploads\/2024\/11\/pexels-joey-kyber-31917-839351-1536x1152.jpg 1536w, https:\/\/www.reseller-radar.de\/wp-content\/uploads\/2024\/11\/pexels-joey-kyber-31917-839351-2048x1536.jpg 2048w\" sizes=\"(max-width: 843px) 100vw, 843px\" \/>\t\t\t\t\t\t\t\t\t\t\t\t\t<\/div>\n\t\t\t\t<\/div>\n\t\t\t\t<\/div>\n\t\t\t\t<\/div>\n\t\t<div class=\"elementor-element elementor-element-522c3024 e-con-full e-flex e-con e-parent\" data-id=\"522c3024\" data-element_type=\"container\" data-settings=\"{&quot;background_background&quot;:&quot;classic&quot;}\">\n\t\t<div class=\"elementor-element elementor-element-2c74977b e-con-full e-flex e-con e-child\" data-id=\"2c74977b\" data-element_type=\"container\">\n\t\t\t\t<div class=\"elementor-element elementor-element-4f9833ad elementor-widget elementor-widget-heading\" data-id=\"4f9833ad\" data-element_type=\"widget\" data-widget_type=\"heading.default\">\n\t\t\t\t<div class=\"elementor-widget-container\">\n\t\t\t<h2 class=\"elementor-heading-title elementor-size-default\">Gold<\/h2>\t\t<\/div>\n\t\t\t\t<\/div>\n\t\t\t\t<div class=\"elementor-element elementor-element-7a7bb1fd elementor-widget elementor-widget-text-editor\" data-id=\"7a7bb1fd\" data-element_type=\"widget\" data-widget_type=\"text-editor.default\">\n\t\t\t\t<div class=\"elementor-widget-container\">\n\t\t\t\t\t\t\t<p><strong>Kontakt und Support per e-mail und Telefon<\/strong><\/p><p><strong>kostenlose Ersteinrichtung des Accounts *<\/strong><\/p><p><strong>bis zu 2500 Euro monatlichem Einkauf-Budget m\u00f6glich<\/strong><\/p><p><strong>Ankaufspreis\u00e4nderung in Abh\u00e4ngigkeit vom Zustand m\u00f6glich<\/strong><\/p><p><strong>Sechs versch. Ankaufvariablen m\u00f6glich<\/strong><\/p><p><strong>Verkaufstool &#8222;Mindest- Ankaufspreis&#8220; und &#8222;Ankauf ohne Salesrank&#8220; verf\u00fcgbar<\/strong><\/p><p>monatlich k\u00fcndbar<\/p><p><strong>\u00a0<\/strong>99 Euro monatliche Grundgeb\u00fchr, 10 % Geb\u00fchren des Einkaufspreises, mindestens 10 cent pro eingekauftem Buch **<\/p>\t\t\t\t\t\t<\/div>\n\t\t\t\t<\/div>\n\t\t\t\t<\/div>\n\t\t<div class=\"elementor-element elementor-element-7b91a71b e-con-full e-flex e-con e-child\" data-id=\"7b91a71b\" data-element_type=\"container\">\n\t\t\t\t<div class=\"elementor-element elementor-element-1db2ebdc elementor-widget elementor-widget-image\" data-id=\"1db2ebdc\" data-element_type=\"widget\" data-widget_type=\"image.default\">\n\t\t\t\t<div class=\"elementor-widget-container\">\n\t\t\t\t\t\t\t\t\t\t\t\t\t<img loading=\"lazy\" decoding=\"async\" width=\"843\" height=\"684\" src=\"https:\/\/www.reseller-radar.de\/wp-content\/uploads\/2024\/11\/pexels-thebstudio-947457-1024x831.jpg\" class=\"attachment-large size-large wp-image-807\" alt=\"\" srcset=\"https:\/\/www.reseller-radar.de\/wp-content\/uploads\/2024\/11\/pexels-thebstudio-947457-1024x831.jpg 1024w, https:\/\/www.reseller-radar.de\/wp-content\/uploads\/2024\/11\/pexels-thebstudio-947457-300x244.jpg 300w, https:\/\/www.reseller-radar.de\/wp-content\/uploads\/2024\/11\/pexels-thebstudio-947457-768x623.jpg 768w, https:\/\/www.reseller-radar.de\/wp-content\/uploads\/2024\/11\/pexels-thebstudio-947457-1536x1247.jpg 1536w, https:\/\/www.reseller-radar.de\/wp-content\/uploads\/2024\/11\/pexels-thebstudio-947457-2048x1662.jpg 2048w\" sizes=\"(max-width: 843px) 100vw, 843px\" \/>\t\t\t\t\t\t\t\t\t\t\t\t\t<\/div>\n\t\t\t\t<\/div>\n\t\t\t\t<\/div>\n\t\t\t\t<\/div>\n\t\t<div class=\"elementor-element elementor-element-7c975870 e-con-full e-flex e-con e-parent\" data-id=\"7c975870\" data-element_type=\"container\">\n\t\t<div class=\"elementor-element elementor-element-bec702f e-con-full e-flex e-con e-child\" data-id=\"bec702f\" data-element_type=\"container\">\n\t\t\t\t<div class=\"elementor-element elementor-element-32427d71 elementor-widget__width-inherit elementor-widget elementor-widget-toggle\" data-id=\"32427d71\" data-element_type=\"widget\" data-widget_type=\"toggle.default\">\n\t\t\t\t<div class=\"elementor-widget-container\">\n\t\t\t\t\t<div class=\"elementor-toggle\">\n\t\t\t\t\t\t\t<div class=\"elementor-toggle-item\">\n\t\t\t\t\t<h4 id=\"elementor-tab-title-8431\" class=\"elementor-tab-title\" data-tab=\"1\" role=\"button\" aria-controls=\"elementor-tab-content-8431\" aria-expanded=\"false\">\n\t\t\t\t\t\t\t\t\t\t\t\t<a class=\"elementor-toggle-title\" tabindex=\"0\">*<\/a>\n\t\t\t\t\t<\/h4>\n\n\t\t\t\t\t<div id=\"elementor-tab-content-8431\" class=\"elementor-tab-content elementor-clearfix\" data-tab=\"1\" role=\"region\" aria-labelledby=\"elementor-tab-title-8431\"><p>Zur Nutzung der Plattform Resell-Radar ist ein funktionsf\u00e4higer Account bei der Firma Shipcloud notwendig um den versand zu organisieren.<\/p><\/div>\n\t\t\t\t<\/div>\n\t\t\t\t\t\t\t\t<\/div>\n\t\t\t\t<\/div>\n\t\t\t\t<\/div>\n\t\t\t\t<div class=\"elementor-element elementor-element-608e8ae4 elementor-widget__width-inherit elementor-widget elementor-widget-toggle\" data-id=\"608e8ae4\" data-element_type=\"widget\" data-widget_type=\"toggle.default\">\n\t\t\t\t<div class=\"elementor-widget-container\">\n\t\t\t\t\t<div class=\"elementor-toggle\">\n\t\t\t\t\t\t\t<div class=\"elementor-toggle-item\">\n\t\t\t\t\t<h4 id=\"elementor-tab-title-1611\" class=\"elementor-tab-title\" data-tab=\"1\" role=\"button\" aria-controls=\"elementor-tab-content-1611\" aria-expanded=\"false\">\n\t\t\t\t\t\t\t\t\t\t\t\t<a class=\"elementor-toggle-title\" tabindex=\"0\">**<\/a>\n\t\t\t\t\t<\/h4>\n\n\t\t\t\t\t<div id=\"elementor-tab-content-1611\" class=\"elementor-tab-content elementor-clearfix\" data-tab=\"1\" role=\"region\" aria-labelledby=\"elementor-tab-title-1611\"><p>Die Preise verstehen sich netto.<\/p><\/div>\n\t\t\t\t<\/div>\n\t\t\t\t\t\t\t\t<\/div>\n\t\t\t\t<\/div>\n\t\t\t\t<\/div>\n\t\t\t\t<\/div>\n\t\t\t\t<\/div>\n\t\t<div class=\"elementor-element elementor-element-1955d0 e-flex e-con-boxed e-con e-parent\" data-id=\"1955d0\" data-element_type=\"container\" data-settings=\"{&quot;background_background&quot;:&quot;classic&quot;}\">\n\t\t\t\t\t<div class=\"e-con-inner\">\n\t\t\t\t<div class=\"elementor-element elementor-element-65d3db41 elementor-mobile-align-center elementor-align-center elementor-widget elementor-widget-button\" data-id=\"65d3db41\" data-element_type=\"widget\" data-widget_type=\"button.default\">\n\t\t\t\t<div class=\"elementor-widget-container\">\n\t\t\t\t\t\t\t<div class=\"elementor-button-wrapper\">\n\t\t\t\t\t<a class=\"elementor-button elementor-button-link elementor-size-sm\" href=\"https:\/\/www.reseller-radar.de\/?page_id=725\">\n\t\t\t\t\t\t<span class=\"elementor-button-content-wrapper\">\n\t\t\t\t\t\t\t\t\t<span class=\"elementor-button-text\">Kontakt<\/span>\n\t\t\t\t\t<\/span>\n\t\t\t\t\t<\/a>\n\t\t\t\t<\/div>\n\t\t\t\t\t\t<\/div>\n\t\t\t\t<\/div>\n\t\t\t\t\t<\/div>\n\t\t\t\t<\/div>\n\t\t\t\t<\/div>\n\t\t","protected":false},"excerpt":{"rendered":"<p>Preismodelle Bronze Kontakt und Support per e-mail bis zu 200 Euro monatlichem Einkauf-Budget m\u00f6glich Ankaufspreis\u00e4nderung in Abh\u00e4ngigkeit vom Zustand m\u00f6glich Drei versch. Ankaufvariablen m\u00f6glich monatlich&hellip;<\/p>\n","protected":false},"author":1,"featured_media":0,"parent":0,"menu_order":0,"comment_status":"closed","ping_status":"closed","template":"","meta":{"_kadence_starter_templates_imported_post":false,"footnotes":""},"class_list":["post-798","page","type-page","status-publish","hentry"],"_links":{"self":[{"href":"https:\/\/www.reseller-radar.de\/index.php?rest_route=\/wp\/v2\/pages\/798","targetHints":{"allow":["GET"]}}],"collection":[{"href":"https:\/\/www.reseller-radar.de\/index.php?rest_route=\/wp\/v2\/pages"}],"about":[{"href":"https:\/\/www.reseller-radar.de\/index.php?rest_route=\/wp\/v2\/types\/page"}],"author":[{"embeddable":true,"href":"https:\/\/www.reseller-radar.de\/index.php?rest_route=\/wp\/v2\/users\/1"}],"replies":[{"embeddable":true,"href":"https:\/\/www.reseller-radar.de\/index.php?rest_route=%2Fwp%2Fv2%2Fcomments&post=798"}],"version-history":[{"count":17,"href":"https:\/\/www.reseller-radar.de\/index.php?rest_route=\/wp\/v2\/pages\/798\/revisions"}],"predecessor-version":[{"id":835,"href":"https:\/\/www.reseller-radar.de\/index.php?rest_route=\/wp\/v2\/pages\/798\/revisions\/835"}],"wp:attachment":[{"href":"https:\/\/www.reseller-radar.de\/index.php?rest_route=%2Fwp%2Fv2%2Fmedia&parent=798"}],"curies":[{"name":"wp","href":"https:\/\/api.w.org\/{rel}","templated":true}]}}