{"id":779,"date":"2024-04-03T10:22:29","date_gmt":"2024-04-03T08:22:29","guid":{"rendered":"https:\/\/www.reseller-radar.de\/?page_id=779"},"modified":"2024-04-03T10:35:53","modified_gmt":"2024-04-03T08:35:53","slug":"welche-artikel-kaufen-wir-an","status":"publish","type":"page","link":"https:\/\/www.reseller-radar.de\/?page_id=779","title":{"rendered":"Welche Artikel kaufen wir an?"},"content":{"rendered":"\t\t<div data-elementor-type=\"wp-page\" data-elementor-id=\"779\" class=\"elementor elementor-779\">\n\t\t\t\t<div class=\"elementor-element elementor-element-ff70c33 e-flex e-con-boxed e-con e-parent\" data-id=\"ff70c33\" data-element_type=\"container\">\n\t\t\t\t\t<div class=\"e-con-inner\">\n\t\t\t\t<div class=\"elementor-element elementor-element-eeeb62d elementor-widget elementor-widget-heading\" data-id=\"eeeb62d\" data-element_type=\"widget\" data-widget_type=\"heading.default\">\n\t\t\t\t<div class=\"elementor-widget-container\">\n\t\t\t<h2 class=\"elementor-heading-title elementor-size-default\">Welche Artikel kaufen wir an?<\/h2>\t\t<\/div>\n\t\t\t\t<\/div>\n\t\t\t\t\t<\/div>\n\t\t\t\t<\/div>\n\t\t<div class=\"elementor-element elementor-element-a58618f e-flex e-con-boxed e-con e-parent\" data-id=\"a58618f\" data-element_type=\"container\">\n\t\t\t\t\t<div class=\"e-con-inner\">\n\t\t\t\t<div class=\"elementor-element elementor-element-8ca2d57 elementor-widget elementor-widget-text-editor\" data-id=\"8ca2d57\" data-element_type=\"widget\" data-widget_type=\"text-editor.default\">\n\t\t\t\t<div class=\"elementor-widget-container\">\n\t\t\t\t\t\t\t<p>Grunds\u00e4tzlich kannst du bei uns Second Hand B\u00fccher, Zeitschriften, DVD`s, CD`s, Schallplatten und verschiedene Spiele verkaufen. Voraussetzung ist, dass diese eine ISBN bzw. eine EAN haben.<\/p><p>Bedingung f\u00fcr den Ankauf ist, dass die Artikel nicht verschmutzt sind, keine gr\u00f6beren Gebrauchsspuren ausweisen, voll funktionsf\u00e4hig sind, keine Teile fehlen, keine Risse haben, keine Exemplare aus Bibliotheken sind und keine Stempel oder Unterstreichungen enthalten.\u00a0<\/p><p>Wir kaufen nur Artikel in mindestens gutem Zustand.<\/p><p>Wir nehmen keine Raubkopien, keine kopierten oder gebrannten Artikel.\u00a0<\/p>\t\t\t\t\t\t<\/div>\n\t\t\t\t<\/div>\n\t\t\t\t\t<\/div>\n\t\t\t\t<\/div>\n\t\t\t\t<\/div>\n\t\t","protected":false},"excerpt":{"rendered":"<p>Welche Artikel kaufen wir an? Grunds\u00e4tzlich kannst du bei uns Second Hand B\u00fccher, Zeitschriften, DVD`s, CD`s, Schallplatten und verschiedene Spiele verkaufen. Voraussetzung ist, dass diese&hellip;<\/p>\n","protected":false},"author":1,"featured_media":0,"parent":0,"menu_order":0,"comment_status":"closed","ping_status":"closed","template":"","meta":{"_kadence_starter_templates_imported_post":false,"footnotes":""},"class_list":["post-779","page","type-page","status-publish","hentry"],"_links":{"self":[{"href":"https:\/\/www.reseller-radar.de\/index.php?rest_route=\/wp\/v2\/pages\/779","targetHints":{"allow":["GET"]}}],"collection":[{"href":"https:\/\/www.reseller-radar.de\/index.php?rest_route=\/wp\/v2\/pages"}],"about":[{"href":"https:\/\/www.reseller-radar.de\/index.php?rest_route=\/wp\/v2\/types\/page"}],"author":[{"embeddable":true,"href":"https:\/\/www.reseller-radar.de\/index.php?rest_route=\/wp\/v2\/users\/1"}],"replies":[{"embeddable":true,"href":"https:\/\/www.reseller-radar.de\/index.php?rest_route=%2Fwp%2Fv2%2Fcomments&post=779"}],"version-history":[{"count":7,"href":"https:\/\/www.reseller-radar.de\/index.php?rest_route=\/wp\/v2\/pages\/779\/revisions"}],"predecessor-version":[{"id":788,"href":"https:\/\/www.reseller-radar.de\/index.php?rest_route=\/wp\/v2\/pages\/779\/revisions\/788"}],"wp:attachment":[{"href":"https:\/\/www.reseller-radar.de\/index.php?rest_route=%2Fwp%2Fv2%2Fmedia&parent=779"}],"curies":[{"name":"wp","href":"https:\/\/api.w.org\/{rel}","templated":true}]}}