{"id":760,"date":"2024-04-01T07:27:47","date_gmt":"2024-04-01T05:27:47","guid":{"rendered":"https:\/\/www.reseller-radar.de\/?page_id=760"},"modified":"2024-04-01T07:45:54","modified_gmt":"2024-04-01T05:45:54","slug":"fragen-und-antworten","status":"publish","type":"page","link":"https:\/\/www.reseller-radar.de\/?page_id=760","title":{"rendered":"Fragen und Antworten"},"content":{"rendered":"\t\t<div data-elementor-type=\"wp-page\" data-elementor-id=\"760\" class=\"elementor elementor-760\">\n\t\t\t\t<div class=\"elementor-element elementor-element-ca47102 e-flex e-con-boxed e-con e-parent\" data-id=\"ca47102\" data-element_type=\"container\">\n\t\t\t\t\t<div class=\"e-con-inner\">\n\t\t\t\t<div class=\"elementor-element elementor-element-1901032 elementor-widget elementor-widget-heading\" data-id=\"1901032\" data-element_type=\"widget\" data-widget_type=\"heading.default\">\n\t\t\t\t<div class=\"elementor-widget-container\">\n\t\t\t<h2 class=\"elementor-heading-title elementor-size-default\">Was ist Resell Radar?<\/h2>\t\t<\/div>\n\t\t\t\t<\/div>\n\t\t\t\t\t<\/div>\n\t\t\t\t<\/div>\n\t\t<div class=\"elementor-element elementor-element-4658fa4 e-flex e-con-boxed e-con e-parent\" data-id=\"4658fa4\" data-element_type=\"container\">\n\t\t\t\t\t<div class=\"e-con-inner\">\n\t\t\t\t<div class=\"elementor-element elementor-element-ce8afc2 elementor-widget elementor-widget-text-editor\" data-id=\"ce8afc2\" data-element_type=\"widget\" data-widget_type=\"text-editor.default\">\n\t\t\t\t<div class=\"elementor-widget-container\">\n\t\t\t\t\t\t\t<p><strong>Resell Radar ist eine Online Vergleichs- und Ankaufpalttform f\u00fcr gebrauchte Medienartikel wie B\u00fccher, Schallplatten, Blueray`s oder DVD`s.<\/strong><\/p>\t\t\t\t\t\t<\/div>\n\t\t\t\t<\/div>\n\t\t\t\t\t<\/div>\n\t\t\t\t<\/div>\n\t\t<div class=\"elementor-element elementor-element-f95eeaf e-flex e-con-boxed e-con e-parent\" data-id=\"f95eeaf\" data-element_type=\"container\">\n\t\t\t\t\t<div class=\"e-con-inner\">\n\t\t\t\t<div class=\"elementor-element elementor-element-1d1c39d elementor-widget-divider--view-line elementor-widget elementor-widget-divider\" data-id=\"1d1c39d\" data-element_type=\"widget\" data-widget_type=\"divider.default\">\n\t\t\t\t<div class=\"elementor-widget-container\">\n\t\t\t\t\t<div class=\"elementor-divider\">\n\t\t\t<span class=\"elementor-divider-separator\">\n\t\t\t\t\t\t<\/span>\n\t\t<\/div>\n\t\t\t\t<\/div>\n\t\t\t\t<\/div>\n\t\t\t\t\t<\/div>\n\t\t\t\t<\/div>\n\t\t<div class=\"elementor-element elementor-element-0d56944 e-flex e-con-boxed e-con e-parent\" data-id=\"0d56944\" data-element_type=\"container\">\n\t\t\t\t\t<div class=\"e-con-inner\">\n\t\t\t\t<div class=\"elementor-element elementor-element-8904e01 elementor-widget elementor-widget-heading\" data-id=\"8904e01\" data-element_type=\"widget\" data-widget_type=\"heading.default\">\n\t\t\t\t<div class=\"elementor-widget-container\">\n\t\t\t<h2 class=\"elementor-heading-title elementor-size-default\">Was macht Resell Radar einzigartig?<\/h2>\t\t<\/div>\n\t\t\t\t<\/div>\n\t\t\t\t\t<\/div>\n\t\t\t\t<\/div>\n\t\t<div class=\"elementor-element elementor-element-77085af e-flex e-con-boxed e-con e-parent\" data-id=\"77085af\" data-element_type=\"container\">\n\t\t\t\t\t<div class=\"e-con-inner\">\n\t\t\t\t<div class=\"elementor-element elementor-element-7c3c52e elementor-widget elementor-widget-text-editor\" data-id=\"7c3c52e\" data-element_type=\"widget\" data-widget_type=\"text-editor.default\">\n\t\t\t\t<div class=\"elementor-widget-container\">\n\t\t\t\t\t\t\t<p><strong>Bei Resell Radar erh\u00e4lst du in &#8222;fast Lichtgeschwindigkeit&#8220; Angebote von hunderten teilnehmenden Resellern und Antiquaren, die ein Angebot f\u00fcr deine Artikel abgeben. Du w\u00e4hlst aus, an wen du verkaufen m\u00f6chtest. W\u00e4hle immer den h\u00f6chsten Preis<\/strong><\/p>\t\t\t\t\t\t<\/div>\n\t\t\t\t<\/div>\n\t\t\t\t\t<\/div>\n\t\t\t\t<\/div>\n\t\t<div class=\"elementor-element elementor-element-9080311 e-flex e-con-boxed e-con e-parent\" data-id=\"9080311\" data-element_type=\"container\">\n\t\t\t\t\t<div class=\"e-con-inner\">\n\t\t\t\t<div class=\"elementor-element elementor-element-762c862 elementor-widget-divider--view-line elementor-widget elementor-widget-divider\" data-id=\"762c862\" data-element_type=\"widget\" data-widget_type=\"divider.default\">\n\t\t\t\t<div class=\"elementor-widget-container\">\n\t\t\t\t\t<div class=\"elementor-divider\">\n\t\t\t<span class=\"elementor-divider-separator\">\n\t\t\t\t\t\t<\/span>\n\t\t<\/div>\n\t\t\t\t<\/div>\n\t\t\t\t<\/div>\n\t\t\t\t\t<\/div>\n\t\t\t\t<\/div>\n\t\t<div class=\"elementor-element elementor-element-f1f6334 e-flex e-con-boxed e-con e-parent\" data-id=\"f1f6334\" data-element_type=\"container\">\n\t\t\t\t\t<div class=\"e-con-inner\">\n\t\t\t\t<div class=\"elementor-element elementor-element-06583c3 elementor-widget elementor-widget-heading\" data-id=\"06583c3\" data-element_type=\"widget\" data-widget_type=\"heading.default\">\n\t\t\t\t<div class=\"elementor-widget-container\">\n\t\t\t<h2 class=\"elementor-heading-title elementor-size-default\">An wen richtet sich Resell Radar?<\/h2>\t\t<\/div>\n\t\t\t\t<\/div>\n\t\t\t\t\t<\/div>\n\t\t\t\t<\/div>\n\t\t<div class=\"elementor-element elementor-element-7b6280a e-flex e-con-boxed e-con e-parent\" data-id=\"7b6280a\" data-element_type=\"container\">\n\t\t\t\t\t<div class=\"e-con-inner\">\n\t\t\t\t<div class=\"elementor-element elementor-element-da73695 elementor-widget elementor-widget-text-editor\" data-id=\"da73695\" data-element_type=\"widget\" data-widget_type=\"text-editor.default\">\n\t\t\t\t<div class=\"elementor-widget-container\">\n\t\t\t\t\t\t\t<p><strong>Resell Radar richtet sich ausschlie\u00dflich an private Verk\u00e4ufer und gewerbetreibende Ank\u00e4ufer.<\/strong><\/p>\t\t\t\t\t\t<\/div>\n\t\t\t\t<\/div>\n\t\t\t\t\t<\/div>\n\t\t\t\t<\/div>\n\t\t<div class=\"elementor-element elementor-element-c0e60d8 e-flex e-con-boxed e-con e-parent\" data-id=\"c0e60d8\" data-element_type=\"container\">\n\t\t\t\t\t<div class=\"e-con-inner\">\n\t\t\t\t<div class=\"elementor-element elementor-element-9d9b66b elementor-widget-divider--view-line elementor-widget elementor-widget-divider\" data-id=\"9d9b66b\" data-element_type=\"widget\" data-widget_type=\"divider.default\">\n\t\t\t\t<div class=\"elementor-widget-container\">\n\t\t\t\t\t<div class=\"elementor-divider\">\n\t\t\t<span class=\"elementor-divider-separator\">\n\t\t\t\t\t\t<\/span>\n\t\t<\/div>\n\t\t\t\t<\/div>\n\t\t\t\t<\/div>\n\t\t\t\t\t<\/div>\n\t\t\t\t<\/div>\n\t\t\t\t<\/div>\n\t\t","protected":false},"excerpt":{"rendered":"<p>Was ist Resell Radar? Resell Radar ist eine Online Vergleichs- und Ankaufpalttform f\u00fcr gebrauchte Medienartikel wie B\u00fccher, Schallplatten, Blueray`s oder DVD`s. Was macht Resell Radar&hellip;<\/p>\n","protected":false},"author":1,"featured_media":0,"parent":0,"menu_order":0,"comment_status":"closed","ping_status":"closed","template":"","meta":{"_kadence_starter_templates_imported_post":false,"footnotes":""},"class_list":["post-760","page","type-page","status-publish","hentry"],"_links":{"self":[{"href":"https:\/\/www.reseller-radar.de\/index.php?rest_route=\/wp\/v2\/pages\/760","targetHints":{"allow":["GET"]}}],"collection":[{"href":"https:\/\/www.reseller-radar.de\/index.php?rest_route=\/wp\/v2\/pages"}],"about":[{"href":"https:\/\/www.reseller-radar.de\/index.php?rest_route=\/wp\/v2\/types\/page"}],"author":[{"embeddable":true,"href":"https:\/\/www.reseller-radar.de\/index.php?rest_route=\/wp\/v2\/users\/1"}],"replies":[{"embeddable":true,"href":"https:\/\/www.reseller-radar.de\/index.php?rest_route=%2Fwp%2Fv2%2Fcomments&post=760"}],"version-history":[{"count":7,"href":"https:\/\/www.reseller-radar.de\/index.php?rest_route=\/wp\/v2\/pages\/760\/revisions"}],"predecessor-version":[{"id":769,"href":"https:\/\/www.reseller-radar.de\/index.php?rest_route=\/wp\/v2\/pages\/760\/revisions\/769"}],"wp:attachment":[{"href":"https:\/\/www.reseller-radar.de\/index.php?rest_route=%2Fwp%2Fv2%2Fmedia&parent=760"}],"curies":[{"name":"wp","href":"https:\/\/api.w.org\/{rel}","templated":true}]}}