{"id":733,"date":"2024-02-20T22:32:15","date_gmt":"2024-02-20T21:32:15","guid":{"rendered":"https:\/\/www.reseller-radar.de\/?page_id=733"},"modified":"2024-02-20T22:32:16","modified_gmt":"2024-02-20T21:32:16","slug":"cookie-richtlinie","status":"publish","type":"page","link":"https:\/\/www.reseller-radar.de\/?page_id=733","title":{"rendered":"COOKIE-RICHTLINIE"},"content":{"rendered":"\n<p class=\"has-large-font-size\">COOKIE-RICHTLINIE<\/p>\n\n\n\n<p>Februar 2024<\/p>\n\n\n\n<p>Diese Internetseite verwendet&nbsp;<a href=\"https:\/\/www.pictibe.de\/lexikon\/cookies\/\">Cookies<\/a>&nbsp;und Google Analytics f\u00fcr die Analyse und Statistik. Wir nutzen&nbsp;<a href=\"https:\/\/www.pictibe.de\/lexikon\/cookies\/\">Cookies<\/a>&nbsp;zu unterschiedlichen Zwecken, unter anderem zur Analyse und f\u00fcr personalisierte Marketing-Mitteilungen. Durch die weitere Nutzung der Website stimmen Sie der Verwendung zu.&nbsp;<\/p>\n\n\n\n<p>Wir nutzen&nbsp;<a href=\"https:\/\/www.pictibe.de\/lexikon\/cookies\/\">Cookies<\/a>&nbsp;zu unterschiedlichen Zwecken, unter anderem zur Analyse und f\u00fcr personalisierte Marketing-Mitteilungen. Durch die weitere Nutzung unseres Diensts stimmst du der Nutzung von&nbsp;<a href=\"https:\/\/www.pictibe.de\/lexikon\/cookies\/\">Cookies<\/a>&nbsp;gem\u00e4\u00df unserer Cookie-Richtlinie (Link) zu.<\/p>\n\n\n\n<p>Wir verwenden&nbsp;<a href=\"https:\/\/www.pictibe.de\/lexikon\/cookies\/\">Cookies<\/a>, um Inhalte und Anzeigen zu personalisieren, Funktionen f\u00fcr soziale Medien anbieten zu k\u00f6nnen und die Zugriffe auf unsere Website zu analysieren. Au\u00dferdem geben wir Informationen zu Ihrer Verwendung unserer Website an unsere Partner f\u00fcr soziale Medien, Werbung und Analysen weiter. Unsere Partner f\u00fchren diese Informationen m\u00f6glicherweise mit weiteren Daten zusammen, die Sie ihnen bereitgestellt haben oder die sie im Rahmen Ihrer Nutzung der Dienste gesammelt haben.<\/p>\n\n\n\n<p>Diese Internetseite verwendet&nbsp;<a href=\"https:\/\/www.pictibe.de\/lexikon\/cookies\/\">Cookies<\/a>&nbsp;und Matomo f\u00fcr die Analyse und Statistik.&nbsp;<a href=\"https:\/\/www.pictibe.de\/lexikon\/cookies\/\">Cookies<\/a>&nbsp;helfen uns, die Benutzerfreundlichkeit unserer Website zu verbessern. Durch die weitere Nutzung der Website stimmen Sie der Verwendung zu.&nbsp;<\/p>\n","protected":false},"excerpt":{"rendered":"<p>COOKIE-RICHTLINIE Februar 2024 Diese Internetseite verwendet&nbsp;Cookies&nbsp;und Google Analytics f\u00fcr die Analyse und Statistik. Wir nutzen&nbsp;Cookies&nbsp;zu unterschiedlichen Zwecken, unter anderem zur Analyse und f\u00fcr personalisierte Marketing-Mitteilungen.&hellip;<\/p>\n","protected":false},"author":1,"featured_media":0,"parent":0,"menu_order":0,"comment_status":"closed","ping_status":"closed","template":"","meta":{"_kadence_starter_templates_imported_post":false,"footnotes":""},"class_list":["post-733","page","type-page","status-publish","hentry"],"_links":{"self":[{"href":"https:\/\/www.reseller-radar.de\/index.php?rest_route=\/wp\/v2\/pages\/733","targetHints":{"allow":["GET"]}}],"collection":[{"href":"https:\/\/www.reseller-radar.de\/index.php?rest_route=\/wp\/v2\/pages"}],"about":[{"href":"https:\/\/www.reseller-radar.de\/index.php?rest_route=\/wp\/v2\/types\/page"}],"author":[{"embeddable":true,"href":"https:\/\/www.reseller-radar.de\/index.php?rest_route=\/wp\/v2\/users\/1"}],"replies":[{"embeddable":true,"href":"https:\/\/www.reseller-radar.de\/index.php?rest_route=%2Fwp%2Fv2%2Fcomments&post=733"}],"version-history":[{"count":1,"href":"https:\/\/www.reseller-radar.de\/index.php?rest_route=\/wp\/v2\/pages\/733\/revisions"}],"predecessor-version":[{"id":734,"href":"https:\/\/www.reseller-radar.de\/index.php?rest_route=\/wp\/v2\/pages\/733\/revisions\/734"}],"wp:attachment":[{"href":"https:\/\/www.reseller-radar.de\/index.php?rest_route=%2Fwp%2Fv2%2Fmedia&parent=733"}],"curies":[{"name":"wp","href":"https:\/\/api.w.org\/{rel}","templated":true}]}}