{"id":575,"date":"2024-02-16T23:08:36","date_gmt":"2024-02-16T22:08:36","guid":{"rendered":"https:\/\/www.reseller-radar.de\/?page_id=575"},"modified":"2024-12-17T13:12:37","modified_gmt":"2024-12-17T12:12:37","slug":"teluro","status":"publish","type":"page","link":"https:\/\/www.reseller-radar.de\/","title":{"rendered":"Front Page"},"content":{"rendered":"\t\t<div data-elementor-type=\"wp-page\" data-elementor-id=\"575\" class=\"elementor elementor-575\">\n\t\t\t\t<div class=\"elementor-element elementor-element-2ebad2a e-flex e-con-boxed e-con e-parent\" data-id=\"2ebad2a\" data-element_type=\"container\">\n\t\t\t\t\t<div class=\"e-con-inner\">\n\t\t\t\t<div class=\"elementor-element elementor-element-be21a8f elementor-button-info elementor-align-center elementor-widget elementor-widget-button\" data-id=\"be21a8f\" data-element_type=\"widget\" data-widget_type=\"button.default\">\n\t\t\t\t<div class=\"elementor-widget-container\">\n\t\t\t\t\t\t\t<div class=\"elementor-button-wrapper\">\n\t\t\t\t\t<a class=\"elementor-button elementor-button-link elementor-size-lg\" href=\"https:\/\/www.reseller-radar.de\/?page_id=692\">\n\t\t\t\t\t\t<span class=\"elementor-button-content-wrapper\">\n\t\t\t\t\t\t\t\t\t<span class=\"elementor-button-text\">Kontakt f\u00fcr Verk\u00e4ufer<\/span>\n\t\t\t\t\t<\/span>\n\t\t\t\t\t<\/a>\n\t\t\t\t<\/div>\n\t\t\t\t\t\t<\/div>\n\t\t\t\t<\/div>\n\t\t\t\t<div class=\"elementor-element elementor-element-4795dad elementor-widget elementor-widget-spacer\" data-id=\"4795dad\" data-element_type=\"widget\" data-widget_type=\"spacer.default\">\n\t\t\t\t<div class=\"elementor-widget-container\">\n\t\t\t\t\t<div class=\"elementor-spacer\">\n\t\t\t<div class=\"elementor-spacer-inner\"><\/div>\n\t\t<\/div>\n\t\t\t\t<\/div>\n\t\t\t\t<\/div>\n\t\t\t\t\t<\/div>\n\t\t\t\t<\/div>\n\t\t<div class=\"elementor-element elementor-element-ce7d1d7 e-flex e-con-boxed e-con e-parent\" data-id=\"ce7d1d7\" data-element_type=\"container\">\n\t\t\t\t\t<div class=\"e-con-inner\">\n\t\t\t\t<div class=\"elementor-element elementor-element-83f2bc7 elementor-align-center elementor-widget elementor-widget-button\" data-id=\"83f2bc7\" data-element_type=\"widget\" data-widget_type=\"button.default\">\n\t\t\t\t<div class=\"elementor-widget-container\">\n\t\t\t\t\t\t\t<div class=\"elementor-button-wrapper\">\n\t\t\t\t\t<a class=\"elementor-button elementor-button-link elementor-size-lg\" href=\"https:\/\/www.reseller-radar.de\/?page_id=725\">\n\t\t\t\t\t\t<span class=\"elementor-button-content-wrapper\">\n\t\t\t\t\t\t\t\t\t<span class=\"elementor-button-text\">Kontakt f\u00fcr Antiquare und Reseller<\/span>\n\t\t\t\t\t<\/span>\n\t\t\t\t\t<\/a>\n\t\t\t\t<\/div>\n\t\t\t\t\t\t<\/div>\n\t\t\t\t<\/div>\n\t\t\t\t\t<\/div>\n\t\t\t\t<\/div>\n\t\t<div class=\"elementor-element elementor-element-41ca854 e-flex e-con-boxed e-con e-parent\" data-id=\"41ca854\" data-element_type=\"container\">\n\t\t\t\t\t<div class=\"e-con-inner\">\n\t\t\t\t<div class=\"elementor-element elementor-element-90f0a22 elementor-widget-divider--view-line elementor-widget elementor-widget-divider\" data-id=\"90f0a22\" data-element_type=\"widget\" data-widget_type=\"divider.default\">\n\t\t\t\t<div class=\"elementor-widget-container\">\n\t\t\t\t\t<div class=\"elementor-divider\">\n\t\t\t<span class=\"elementor-divider-separator\">\n\t\t\t\t\t\t<\/span>\n\t\t<\/div>\n\t\t\t\t<\/div>\n\t\t\t\t<\/div>\n\t\t\t\t\t<\/div>\n\t\t\t\t<\/div>\n\t\t<div class=\"elementor-element elementor-element-f6c81f1 e-flex e-con-boxed e-con e-parent\" data-id=\"f6c81f1\" data-element_type=\"container\">\n\t\t\t\t\t<div class=\"e-con-inner\">\n\t\t\t\t<div class=\"elementor-element elementor-element-333f9f0 elementor-button-info elementor-align-center elementor-widget elementor-widget-button\" data-id=\"333f9f0\" data-element_type=\"widget\" data-widget_type=\"button.default\">\n\t\t\t\t<div class=\"elementor-widget-container\">\n\t\t\t\t\t\t\t<div class=\"elementor-button-wrapper\">\n\t\t\t\t\t<a class=\"elementor-button elementor-button-link elementor-size-lg\" href=\"https:\/\/www.reseller-radar.de\/?page_id=798\">\n\t\t\t\t\t\t<span class=\"elementor-button-content-wrapper\">\n\t\t\t\t\t\t\t\t\t<span class=\"elementor-button-text\">Preismodelle f\u00fcr Antiquare und Reseller<\/span>\n\t\t\t\t\t<\/span>\n\t\t\t\t\t<\/a>\n\t\t\t\t<\/div>\n\t\t\t\t\t\t<\/div>\n\t\t\t\t<\/div>\n\t\t\t\t<div class=\"elementor-element elementor-element-fcfd97f elementor-widget-divider--view-line elementor-widget elementor-widget-divider\" data-id=\"fcfd97f\" data-element_type=\"widget\" data-widget_type=\"divider.default\">\n\t\t\t\t<div class=\"elementor-widget-container\">\n\t\t\t\t\t<div class=\"elementor-divider\">\n\t\t\t<span class=\"elementor-divider-separator\">\n\t\t\t\t\t\t<\/span>\n\t\t<\/div>\n\t\t\t\t<\/div>\n\t\t\t\t<\/div>\n\t\t\t\t<div class=\"elementor-element elementor-element-c86ead0 elementor-widget elementor-widget-html\" data-id=\"c86ead0\" data-element_type=\"widget\" data-widget_type=\"html.default\">\n\t\t\t\t<div class=\"elementor-widget-container\">\n\t\t\t<!DOCTYPE html> <html lang=\"de\"> <head> <meta charset=\"UTF-8\"> <meta name=\"viewport\"content=\"width=device-width, initial-scale=1.0\"> <style> .search-container { text-align: center; \/* Zentriert Bild und Suchfeld *\/ margin-top: 20px; } .search-container img { max-width: 250px; \/* Maximale Breite des Bildes *\/ margin-bottom: 10px; \/* Abstand zum Text *\/ } .search-container p { font-size: 16px; \/* Schriftgr\u00f6\u00dfe f\u00fcr den Text *\/ color: #30b81c; \/* Gr\u00fcn f\u00fcr den Text *\/ margin-bottom: 20px; \/* Abstand zum Eingabefeld *\/ line-height: 1.6; \/* Zeilenh\u00f6he f\u00fcr bessere Lesbarkeit *\/ } .search-container input[type=\"text\"] { width: 300px; \/* Breite des Eingabefelds *\/ padding: 10px;font-size: 16px; border: 1px solid #ccc; border-radius: 5px; } .search-container input[type=\"submit\"] { background-color: #30b81c; \/* Gr\u00fcn f\u00fcr den Button *\/ color: white; font-weight: bold; font-size: 20px; \/* Gr\u00f6\u00dfere Schrift f\u00fcr den Button *\/border: none; padding: 20px 25px; \/* Gr\u00f6\u00dferer Button *\/ border-radius: 5px; cursor: pointer; margin-top: 10px; } .search-container input[type=\"submit\"]:hover { background-color: #28a745; \/* Dunkleres Gr\u00fcn beim Hover *\/ } <\/style><title>EAN\/ISBN-Suche<\/title> <\/head> <body> <div class=\"search-container\"> <img decoding=\"async\" src=\"https:\/\/lesenswert-saar.de\/wp-content\/uploads\/2024\/03\/cropped-Regular-Gradient-Stancil-w-Claim-RGB.png\" alt=\"EAN-Symbol\"> <p>Resell-Radar die Verkaufs- und Vergleichsplattform f\u00fcr gelesene B\u00fccher. Bei uns kannst du sicher sein, gute Preise f\u00fcr deine B\u00fccher zu erhalten. Viele Antiquariate und Reseller arbeiten mit uns zusammen, um Dir tolle Angebote zu bieten. Gib einfach die ISBN in das Textfeld ein. <\/p> <formaction=\"https:\/\/resell-radar.de\/\" method=\"get\"> <input type=\"text\" name=\"ean\" placeholder=\"EAN\/ISBN eingeben\"><br> <input type=\"submit\" value=\"Suchen\"> <\/form> <\/div> <\/body> <\/html>\t\t<\/div>\n\t\t\t\t<\/div>\n\t\t\t\t\t<\/div>\n\t\t\t\t<\/div>\n\t\t<div class=\"elementor-element elementor-element-4b5a88c e-flex e-con-boxed e-con e-parent\" data-id=\"4b5a88c\" data-element_type=\"container\">\n\t\t\t\t\t<div class=\"e-con-inner\">\n\t\t\t\t<div class=\"elementor-element elementor-element-7c022de elementor-widget elementor-widget-video\" data-id=\"7c022de\" data-element_type=\"widget\" data-settings=\"{&quot;youtube_url&quot;:&quot;https:\\\/\\\/youtu.be\\\/MgOybBbzQp8&quot;,&quot;video_type&quot;:&quot;youtube&quot;,&quot;controls&quot;:&quot;yes&quot;}\" data-widget_type=\"video.default\">\n\t\t\t\t<div class=\"elementor-widget-container\">\n\t\t\t\t\t<div class=\"elementor-wrapper elementor-open-inline\">\n\t\t\t<div class=\"elementor-video\"><\/div>\t\t<\/div>\n\t\t\t\t<\/div>\n\t\t\t\t<\/div>\n\t\t\t\t\t<\/div>\n\t\t\t\t<\/div>\n\t\t\t\t<\/div>\n\t\t","protected":false},"excerpt":{"rendered":"<p>Kontakt f\u00fcr Verk\u00e4ufer Kontakt f\u00fcr Antiquare und Reseller Preismodelle f\u00fcr Antiquare und Reseller EAN\/ISBN-Suche Resell-Radar die Verkaufs- und Vergleichsplattform f\u00fcr gelesene B\u00fccher. Bei uns kannst&hellip;<\/p>\n","protected":false},"author":1,"featured_media":0,"parent":0,"menu_order":0,"comment_status":"closed","ping_status":"closed","template":"","meta":{"_kadence_starter_templates_imported_post":false,"footnotes":""},"class_list":["post-575","page","type-page","status-publish","hentry"],"_links":{"self":[{"href":"https:\/\/www.reseller-radar.de\/index.php?rest_route=\/wp\/v2\/pages\/575","targetHints":{"allow":["GET"]}}],"collection":[{"href":"https:\/\/www.reseller-radar.de\/index.php?rest_route=\/wp\/v2\/pages"}],"about":[{"href":"https:\/\/www.reseller-radar.de\/index.php?rest_route=\/wp\/v2\/types\/page"}],"author":[{"embeddable":true,"href":"https:\/\/www.reseller-radar.de\/index.php?rest_route=\/wp\/v2\/users\/1"}],"replies":[{"embeddable":true,"href":"https:\/\/www.reseller-radar.de\/index.php?rest_route=%2Fwp%2Fv2%2Fcomments&post=575"}],"version-history":[{"count":36,"href":"https:\/\/www.reseller-radar.de\/index.php?rest_route=\/wp\/v2\/pages\/575\/revisions"}],"predecessor-version":[{"id":845,"href":"https:\/\/www.reseller-radar.de\/index.php?rest_route=\/wp\/v2\/pages\/575\/revisions\/845"}],"wp:attachment":[{"href":"https:\/\/www.reseller-radar.de\/index.php?rest_route=%2Fwp%2Fv2%2Fmedia&parent=575"}],"curies":[{"name":"wp","href":"https:\/\/api.w.org\/{rel}","templated":true}]}}